{"id":8025,"date":"2025-09-11T17:37:56","date_gmt":"2025-09-11T20:37:56","guid":{"rendered":"https:\/\/spvs.com.br\/for-kids\/"},"modified":"2025-09-11T18:40:42","modified_gmt":"2025-09-11T21:40:42","slug":"for-kids","status":"publish","type":"page","link":"https:\/\/spvs.org.br\/en\/for-kids\/","title":{"rendered":"For Kids"},"content":{"rendered":"<div data-elementor-type=\"wp-page\" data-elementor-id=\"8025\" class=\"elementor elementor-8025 elementor-7969\" data-elementor-settings=\"{&quot;ha_cmc_init_switcher&quot;:&quot;no&quot;}\" data-elementor-post-type=\"page\">\n\t\t\t\t<div class=\"elementor-element elementor-element-e4f480c e-con-full e-flex e-con e-parent\" data-id=\"e4f480c\" data-element_type=\"container\" data-e-type=\"container\" data-settings=\"{&quot;background_background&quot;:&quot;classic&quot;,&quot;shape_divider_bottom&quot;:&quot;pyramids&quot;,&quot;_ha_eqh_enable&quot;:false}\">\n\t\t\t\t<div class=\"elementor-shape elementor-shape-bottom\" aria-hidden=\"true\" data-negative=\"false\">\n\t\t\t<svg xmlns=\"http:\/\/www.w3.org\/2000\/svg\" viewbox=\"0 0 1000 100\" preserveaspectratio=\"none\">\n\t<path class=\"elementor-shape-fill\" d=\"M761.9,44.1L643.1,27.2L333.8,98L0,3.8V0l1000,0v3.9\"\/>\n<\/svg>\t\t<\/div>\n\t\t<div class=\"elementor-element elementor-element-12ff837 e-flex e-con-boxed e-con e-child\" data-id=\"12ff837\" data-element_type=\"container\" data-e-type=\"container\" data-settings=\"{&quot;_ha_eqh_enable&quot;:false}\">\n\t\t\t\t\t<div class=\"e-con-inner\">\n\t\t<div class=\"elementor-element elementor-element-7cc114b e-con-full e-flex elementor-invisible e-con e-child\" data-id=\"7cc114b\" data-element_type=\"container\" data-e-type=\"container\" data-settings=\"{&quot;animation&quot;:&quot;fadeInLeft&quot;,&quot;_ha_eqh_enable&quot;:false}\">\n\t\t\t\t<div class=\"elementor-element elementor-element-bb7288c elementor-widget__width-initial elementor-widget elementor-widget-heading\" data-id=\"bb7288c\" data-element_type=\"widget\" data-e-type=\"widget\" data-widget_type=\"heading.default\">\n\t\t\t\t<div class=\"elementor-widget-container\">\n\t\t\t\t\t<h2 class=\"elementor-heading-title elementor-size-default\">Hello, little guardian of nature.<\/h2>\t\t\t\t<\/div>\n\t\t\t\t<\/div>\n\t\t\t\t<div class=\"elementor-element elementor-element-11c3fc5 elementor-widget__width-initial elementor-widget elementor-widget-heading\" data-id=\"11c3fc5\" data-element_type=\"widget\" data-e-type=\"widget\" data-widget_type=\"heading.default\">\n\t\t\t\t<div class=\"elementor-widget-container\">\n\t\t\t\t\t<h2 class=\"elementor-heading-title elementor-size-default\">Are you ready for an adventure?<\/h2>\t\t\t\t<\/div>\n\t\t\t\t<\/div>\n\t\t\t\t<div class=\"elementor-element elementor-element-1c90af5 elementor-widget elementor-widget-button\" data-id=\"1c90af5\" data-element_type=\"widget\" data-e-type=\"widget\" data-widget_type=\"button.default\">\n\t\t\t\t<div class=\"elementor-widget-container\">\n\t\t\t\t\t\t\t\t\t<div class=\"elementor-button-wrapper\">\n\t\t\t\t\t<a class=\"elementor-button elementor-button-link elementor-size-sm\" href=\"https:\/\/spvs.org.br\/en\/for-kids\/#saiba-como\">\n\t\t\t\t\t\t<span class=\"elementor-button-content-wrapper\">\n\t\t\t\t\t\t\t\t\t<span class=\"elementor-button-text\">CLICK HERE TO LEARN HOW!<\/span>\n\t\t\t\t\t<\/span>\n\t\t\t\t\t<\/a>\n\t\t\t\t<\/div>\n\t\t\t\t\t\t\t\t<\/div>\n\t\t\t\t<\/div>\n\t\t\t\t<\/div>\n\t\t<div class=\"elementor-element elementor-element-d44df9b e-con-full e-flex elementor-invisible e-con e-child\" data-id=\"d44df9b\" data-element_type=\"container\" data-e-type=\"container\" data-settings=\"{&quot;animation&quot;:&quot;fadeInRight&quot;,&quot;_ha_eqh_enable&quot;:false}\">\n\t\t\t\t<div class=\"elementor-element elementor-element-c43ee7a elementor-widget elementor-widget-image\" data-id=\"c43ee7a\" data-element_type=\"widget\" data-e-type=\"widget\" data-settings=\"{&quot;motion_fx_motion_fx_mouse&quot;:&quot;yes&quot;,&quot;motion_fx_mouseTrack_effect&quot;:&quot;yes&quot;,&quot;motion_fx_mouseTrack_speed&quot;:{&quot;unit&quot;:&quot;px&quot;,&quot;size&quot;:1,&quot;sizes&quot;:[]}}\" data-widget_type=\"image.default\">\n\t\t\t\t<div class=\"elementor-widget-container\">\n\t\t\t\t\t\t\t\t\t\t\t\t\t\t\t<img fetchpriority=\"high\" decoding=\"async\" width=\"1050\" height=\"1049\" src=\"https:\/\/spvs.org.br\/wp-content\/uploads\/2025\/09\/spvs-sociedade-de-pesquisa-em-vida-selvagem-e-educacao-ambiental-reservas-naturais-para-criancas-mascote-bg-04.png\" class=\"attachment-full size-full wp-image-7981\" alt=\"\" srcset=\"https:\/\/spvs.org.br\/wp-content\/uploads\/2025\/09\/spvs-sociedade-de-pesquisa-em-vida-selvagem-e-educacao-ambiental-reservas-naturais-para-criancas-mascote-bg-04.png 1050w, https:\/\/spvs.org.br\/wp-content\/uploads\/2025\/09\/spvs-sociedade-de-pesquisa-em-vida-selvagem-e-educacao-ambiental-reservas-naturais-para-criancas-mascote-bg-04-300x300.png 300w, https:\/\/spvs.org.br\/wp-content\/uploads\/2025\/09\/spvs-sociedade-de-pesquisa-em-vida-selvagem-e-educacao-ambiental-reservas-naturais-para-criancas-mascote-bg-04-1024x1024.png 1024w, https:\/\/spvs.org.br\/wp-content\/uploads\/2025\/09\/spvs-sociedade-de-pesquisa-em-vida-selvagem-e-educacao-ambiental-reservas-naturais-para-criancas-mascote-bg-04-150x150.png 150w, https:\/\/spvs.org.br\/wp-content\/uploads\/2025\/09\/spvs-sociedade-de-pesquisa-em-vida-selvagem-e-educacao-ambiental-reservas-naturais-para-criancas-mascote-bg-04-768x767.png 768w, https:\/\/spvs.org.br\/wp-content\/uploads\/2025\/09\/spvs-sociedade-de-pesquisa-em-vida-selvagem-e-educacao-ambiental-reservas-naturais-para-criancas-mascote-bg-04-12x12.png 12w\" sizes=\"(max-width: 1050px) 100vw, 1050px\" \/>\t\t\t\t\t\t\t\t\t\t\t\t\t\t\t<\/div>\n\t\t\t\t<\/div>\n\t\t\t\t<\/div>\n\t\t\t\t\t<\/div>\n\t\t\t\t<\/div>\n\t\t\t\t<\/div>\n\t\t<div class=\"elementor-element elementor-element-f9c6bc7 e-flex e-con-boxed e-con e-parent\" data-id=\"f9c6bc7\" data-element_type=\"container\" data-e-type=\"container\" id=\"saiba-como\" data-settings=\"{&quot;background_background&quot;:&quot;classic&quot;,&quot;_ha_eqh_enable&quot;:false}\">\n\t\t\t\t\t<div class=\"e-con-inner\">\n\t\t<div class=\"elementor-element elementor-element-e9f88ad e-con-full e-flex elementor-invisible e-con e-child\" data-id=\"e9f88ad\" data-element_type=\"container\" data-e-type=\"container\" data-settings=\"{&quot;animation&quot;:&quot;fadeInRight&quot;,&quot;_ha_eqh_enable&quot;:false}\">\n\t\t\t\t<div class=\"elementor-element elementor-element-4c15bc8 elementor-widget elementor-widget-text-editor\" data-id=\"4c15bc8\" data-element_type=\"widget\" data-e-type=\"widget\" data-widget_type=\"text-editor.default\">\n\t\t\t\t<div class=\"elementor-widget-container\">\n\t\t\t\t\t\t\t\t\t<p>Here you&#8217;ll find stories about Nature Conservation, the Atlantic Forest biome, and many interesting facts about some Brazilian fauna. Throughout our experience, you&#8217;ll be guided by a rare Brazilian fauna species, the black-faced lion tamarin. <\/p><p><br>Our agreement is that you and the black lion tamarin will be great friends. It&#8217;s a very fragile species, so we need you to be its guardian. Agreed?  <\/p><p><br><strong>Before we begin, let&#8217;s learn a little about the Atlantic Forest biome.<\/strong><\/p>\t\t\t\t\t\t\t\t<\/div>\n\t\t\t\t<\/div>\n\t\t\t\t<\/div>\n\t\t<div class=\"elementor-element elementor-element-7eb6428 e-con-full e-flex elementor-invisible e-con e-child\" data-id=\"7eb6428\" data-element_type=\"container\" data-e-type=\"container\" data-settings=\"{&quot;animation&quot;:&quot;fadeInLeft&quot;,&quot;_ha_eqh_enable&quot;:false}\">\n\t\t\t\t<div class=\"elementor-element elementor-element-651b34c elementor-widget elementor-widget-image\" data-id=\"651b34c\" data-element_type=\"widget\" data-e-type=\"widget\" data-settings=\"{&quot;motion_fx_motion_fx_mouse&quot;:&quot;yes&quot;,&quot;motion_fx_mouseTrack_effect&quot;:&quot;yes&quot;,&quot;motion_fx_mouseTrack_speed&quot;:{&quot;unit&quot;:&quot;px&quot;,&quot;size&quot;:0.299999999999999988897769753748434595763683319091796875,&quot;sizes&quot;:[]}}\" data-widget_type=\"image.default\">\n\t\t\t\t<div class=\"elementor-widget-container\">\n\t\t\t\t\t\t\t\t\t\t\t\t\t\t\t<img decoding=\"async\" width=\"800\" height=\"800\" data-src=\"https:\/\/spvs.org.br\/wp-content\/uploads\/2025\/09\/spvs-sociedade-de-pesquisa-em-vida-selvagem-e-educacao-ambiental-reservas-naturais-para-criancas-mascote-bg-02-1024x1024.png\" class=\"attachment-large size-large wp-image-7977 lazyload\" alt=\"\" data-srcset=\"https:\/\/spvs.org.br\/wp-content\/uploads\/2025\/09\/spvs-sociedade-de-pesquisa-em-vida-selvagem-e-educacao-ambiental-reservas-naturais-para-criancas-mascote-bg-02-1024x1024.png 1024w, https:\/\/spvs.org.br\/wp-content\/uploads\/2025\/09\/spvs-sociedade-de-pesquisa-em-vida-selvagem-e-educacao-ambiental-reservas-naturais-para-criancas-mascote-bg-02-300x300.png 300w, https:\/\/spvs.org.br\/wp-content\/uploads\/2025\/09\/spvs-sociedade-de-pesquisa-em-vida-selvagem-e-educacao-ambiental-reservas-naturais-para-criancas-mascote-bg-02-150x150.png 150w, https:\/\/spvs.org.br\/wp-content\/uploads\/2025\/09\/spvs-sociedade-de-pesquisa-em-vida-selvagem-e-educacao-ambiental-reservas-naturais-para-criancas-mascote-bg-02-768x768.png 768w, https:\/\/spvs.org.br\/wp-content\/uploads\/2025\/09\/spvs-sociedade-de-pesquisa-em-vida-selvagem-e-educacao-ambiental-reservas-naturais-para-criancas-mascote-bg-02-12x12.png 12w, https:\/\/spvs.org.br\/wp-content\/uploads\/2025\/09\/spvs-sociedade-de-pesquisa-em-vida-selvagem-e-educacao-ambiental-reservas-naturais-para-criancas-mascote-bg-02.png 1050w\" data-sizes=\"(max-width: 800px) 100vw, 800px\" src=\"data:image\/svg+xml;base64,PHN2ZyB3aWR0aD0iMSIgaGVpZ2h0PSIxIiB4bWxucz0iaHR0cDovL3d3dy53My5vcmcvMjAwMC9zdmciPjwvc3ZnPg==\" style=\"--smush-placeholder-width: 800px; --smush-placeholder-aspect-ratio: 800\/800;\" \/>\t\t\t\t\t\t\t\t\t\t\t\t\t\t\t<\/div>\n\t\t\t\t<\/div>\n\t\t\t\t<\/div>\n\t\t\t\t\t<\/div>\n\t\t\t\t<\/div>\n\t\t<div class=\"elementor-element elementor-element-5024c16 e-flex e-con-boxed e-con e-parent\" data-id=\"5024c16\" data-element_type=\"container\" data-e-type=\"container\" data-settings=\"{&quot;_ha_eqh_enable&quot;:false}\">\n\t\t\t\t\t<div class=\"e-con-inner\">\n\t\t<div class=\"elementor-element elementor-element-828dee6 e-con-full e-flex e-con e-child\" data-id=\"828dee6\" data-element_type=\"container\" data-e-type=\"container\" data-settings=\"{&quot;_ha_eqh_enable&quot;:false}\">\n\t\t\t\t<div class=\"elementor-element elementor-element-0ad633e elementor-widget elementor-widget-video\" data-id=\"0ad633e\" data-element_type=\"widget\" data-e-type=\"widget\" data-settings=\"{&quot;youtube_url&quot;:&quot;https:\\\/\\\/youtu.be\\\/3wjL-C0eMXE&quot;,&quot;yt_privacy&quot;:&quot;yes&quot;,&quot;video_type&quot;:&quot;youtube&quot;,&quot;controls&quot;:&quot;yes&quot;}\" data-widget_type=\"video.default\">\n\t\t\t\t<div class=\"elementor-widget-container\">\n\t\t\t\t\t\t\t<div class=\"elementor-wrapper elementor-open-inline\">\n\t\t\t<div class=\"elementor-video\"><\/div>\t\t<\/div>\n\t\t\t\t\t\t<\/div>\n\t\t\t\t<\/div>\n\t\t\t\t<\/div>\n\t\t\t\t\t<\/div>\n\t\t\t\t<\/div>\n\t\t<div class=\"elementor-element elementor-element-3b5d270 e-flex e-con-boxed e-con e-parent\" data-id=\"3b5d270\" data-element_type=\"container\" data-e-type=\"container\" data-settings=\"{&quot;background_background&quot;:&quot;classic&quot;,&quot;_ha_eqh_enable&quot;:false}\">\n\t\t\t\t\t<div class=\"e-con-inner\">\n\t\t\t\t\t<\/div>\n\t\t\t\t<\/div>\n\t\t<div class=\"elementor-element elementor-element-107b0fa e-flex e-con-boxed e-con e-parent\" data-id=\"107b0fa\" data-element_type=\"container\" data-e-type=\"container\" data-settings=\"{&quot;_ha_eqh_enable&quot;:false}\">\n\t\t\t\t\t<div class=\"e-con-inner\">\n\t\t<div class=\"elementor-element elementor-element-6214add e-con-full e-flex elementor-invisible e-con e-child\" data-id=\"6214add\" data-element_type=\"container\" data-e-type=\"container\" data-settings=\"{&quot;animation&quot;:&quot;fadeInLeft&quot;,&quot;_ha_eqh_enable&quot;:false}\">\n\t\t\t\t<div class=\"elementor-element elementor-element-19789b5 elementor-widget__width-initial elementor-widget elementor-widget-heading\" data-id=\"19789b5\" data-element_type=\"widget\" data-e-type=\"widget\" data-widget_type=\"heading.default\">\n\t\t\t\t<div class=\"elementor-widget-container\">\n\t\t\t\t\t<h2 class=\"elementor-heading-title elementor-size-default\">Shall we begin?<\/h2>\t\t\t\t<\/div>\n\t\t\t\t<\/div>\n\t\t\t\t<div class=\"elementor-element elementor-element-8f590fc elementor-widget__width-initial elementor-widget elementor-widget-heading\" data-id=\"8f590fc\" data-element_type=\"widget\" data-e-type=\"widget\" data-widget_type=\"heading.default\">\n\t\t\t\t<div class=\"elementor-widget-container\">\n\t\t\t\t\t<h2 class=\"elementor-heading-title elementor-size-default\">It's time to play!<\/h2>\t\t\t\t<\/div>\n\t\t\t\t<\/div>\n\t\t\t\t<div class=\"elementor-element elementor-element-0ee962e elementor-widget elementor-widget-text-editor\" data-id=\"0ee962e\" data-element_type=\"widget\" data-e-type=\"widget\" data-widget_type=\"text-editor.default\">\n\t\t\t\t<div class=\"elementor-widget-container\">\n\t\t\t\t\t\t\t\t\t<p>Baixe o Ca\u00e7a-Palavras <strong>Conhecendo a Conserva\u00e7\u00e3o da Natureza!<\/strong><\/p>\t\t\t\t\t\t\t\t<\/div>\n\t\t\t\t<\/div>\n\t\t\t\t<div class=\"elementor-element elementor-element-6d7e0eb elementor-widget elementor-widget-button\" data-id=\"6d7e0eb\" data-element_type=\"widget\" data-e-type=\"widget\" data-widget_type=\"button.default\">\n\t\t\t\t<div class=\"elementor-widget-container\">\n\t\t\t\t\t\t\t\t\t<div class=\"elementor-button-wrapper\">\n\t\t\t\t\t<a class=\"elementor-button elementor-button-link elementor-size-sm\" href=\"https:\/\/spvs.org.br\/wp-content\/uploads\/2025\/09\/spvs-sociedade-de-pesquisa-em-vida-selvagem-e-educacao-ambiental-reservas-naturais-para-criancas-Caca-palavras.pdf\" target=\"_blank\">\n\t\t\t\t\t\t<span class=\"elementor-button-content-wrapper\">\n\t\t\t\t\t\t\t\t\t<span class=\"elementor-button-text\">I WANT TO PLAY - DOWNLOAD THE WORD SEARCH<\/span>\n\t\t\t\t\t<\/span>\n\t\t\t\t\t<\/a>\n\t\t\t\t<\/div>\n\t\t\t\t\t\t\t\t<\/div>\n\t\t\t\t<\/div>\n\t\t\t\t<\/div>\n\t\t<div class=\"elementor-element elementor-element-b1b8287 e-con-full e-flex elementor-invisible e-con e-child\" data-id=\"b1b8287\" data-element_type=\"container\" data-e-type=\"container\" data-settings=\"{&quot;animation&quot;:&quot;fadeInLeft&quot;,&quot;_ha_eqh_enable&quot;:false}\">\n\t\t\t\t<div class=\"elementor-element elementor-element-17a841f elementor-widget elementor-widget-image\" data-id=\"17a841f\" data-element_type=\"widget\" data-e-type=\"widget\" data-settings=\"{&quot;motion_fx_motion_fx_mouse&quot;:&quot;yes&quot;,&quot;motion_fx_mouseTrack_effect&quot;:&quot;yes&quot;,&quot;motion_fx_mouseTrack_speed&quot;:{&quot;unit&quot;:&quot;px&quot;,&quot;size&quot;:0.299999999999999988897769753748434595763683319091796875,&quot;sizes&quot;:[]}}\" data-widget_type=\"image.default\">\n\t\t\t\t<div class=\"elementor-widget-container\">\n\t\t\t\t\t\t\t\t\t\t\t\t\t\t\t<img decoding=\"async\" width=\"1049\" height=\"1050\" data-src=\"https:\/\/spvs.org.br\/wp-content\/uploads\/2025\/09\/spvs-sociedade-de-pesquisa-em-vida-selvagem-e-educacao-ambiental-reservas-naturais-para-criancas-mascote-bg-01.png\" class=\"attachment-full size-full wp-image-7975 lazyload\" alt=\"\" data-srcset=\"https:\/\/spvs.org.br\/wp-content\/uploads\/2025\/09\/spvs-sociedade-de-pesquisa-em-vida-selvagem-e-educacao-ambiental-reservas-naturais-para-criancas-mascote-bg-01.png 1049w, https:\/\/spvs.org.br\/wp-content\/uploads\/2025\/09\/spvs-sociedade-de-pesquisa-em-vida-selvagem-e-educacao-ambiental-reservas-naturais-para-criancas-mascote-bg-01-300x300.png 300w, https:\/\/spvs.org.br\/wp-content\/uploads\/2025\/09\/spvs-sociedade-de-pesquisa-em-vida-selvagem-e-educacao-ambiental-reservas-naturais-para-criancas-mascote-bg-01-1024x1024.png 1024w, https:\/\/spvs.org.br\/wp-content\/uploads\/2025\/09\/spvs-sociedade-de-pesquisa-em-vida-selvagem-e-educacao-ambiental-reservas-naturais-para-criancas-mascote-bg-01-150x150.png 150w, https:\/\/spvs.org.br\/wp-content\/uploads\/2025\/09\/spvs-sociedade-de-pesquisa-em-vida-selvagem-e-educacao-ambiental-reservas-naturais-para-criancas-mascote-bg-01-768x769.png 768w, https:\/\/spvs.org.br\/wp-content\/uploads\/2025\/09\/spvs-sociedade-de-pesquisa-em-vida-selvagem-e-educacao-ambiental-reservas-naturais-para-criancas-mascote-bg-01-12x12.png 12w\" data-sizes=\"(max-width: 1049px) 100vw, 1049px\" src=\"data:image\/svg+xml;base64,PHN2ZyB3aWR0aD0iMSIgaGVpZ2h0PSIxIiB4bWxucz0iaHR0cDovL3d3dy53My5vcmcvMjAwMC9zdmciPjwvc3ZnPg==\" style=\"--smush-placeholder-width: 1049px; --smush-placeholder-aspect-ratio: 1049\/1050;\" \/>\t\t\t\t\t\t\t\t\t\t\t\t\t\t\t<\/div>\n\t\t\t\t<\/div>\n\t\t\t\t<\/div>\n\t\t\t\t\t<\/div>\n\t\t\t\t<\/div>\n\t\t<div class=\"elementor-element elementor-element-a8f30eb e-flex e-con-boxed e-con e-parent\" data-id=\"a8f30eb\" data-element_type=\"container\" data-e-type=\"container\" data-settings=\"{&quot;background_background&quot;:&quot;classic&quot;,&quot;shape_divider_top&quot;:&quot;pyramids&quot;,&quot;_ha_eqh_enable&quot;:false}\">\n\t\t\t\t\t<div class=\"e-con-inner\">\n\t\t\t\t<div class=\"elementor-shape elementor-shape-top\" aria-hidden=\"true\" data-negative=\"false\">\n\t\t\t<svg xmlns=\"http:\/\/www.w3.org\/2000\/svg\" viewbox=\"0 0 1000 100\" preserveaspectratio=\"none\">\n\t<path class=\"elementor-shape-fill\" d=\"M761.9,44.1L643.1,27.2L333.8,98L0,3.8V0l1000,0v3.9\"\/>\n<\/svg>\t\t<\/div>\n\t\t<div class=\"elementor-element elementor-element-4e10017 e-con-full e-flex elementor-invisible e-con e-child\" data-id=\"4e10017\" data-element_type=\"container\" data-e-type=\"container\" data-settings=\"{&quot;animation&quot;:&quot;fadeInLeft&quot;,&quot;_ha_eqh_enable&quot;:false}\">\n\t\t\t\t<div class=\"elementor-element elementor-element-66cae99 elementor-widget elementor-widget-image\" data-id=\"66cae99\" data-element_type=\"widget\" data-e-type=\"widget\" data-settings=\"{&quot;motion_fx_motion_fx_mouse&quot;:&quot;yes&quot;,&quot;motion_fx_mouseTrack_effect&quot;:&quot;yes&quot;,&quot;motion_fx_mouseTrack_speed&quot;:{&quot;unit&quot;:&quot;px&quot;,&quot;size&quot;:0.299999999999999988897769753748434595763683319091796875,&quot;sizes&quot;:[]}}\" data-widget_type=\"image.default\">\n\t\t\t\t<div class=\"elementor-widget-container\">\n\t\t\t\t\t\t\t\t\t\t\t\t\t\t\t<img decoding=\"async\" width=\"1050\" height=\"1050\" data-src=\"https:\/\/spvs.org.br\/wp-content\/uploads\/2025\/09\/spvs-sociedade-de-pesquisa-em-vida-selvagem-e-educacao-ambiental-reservas-naturais-para-criancas-mascote-bg-03.png\" class=\"attachment-full size-full wp-image-7979 lazyload\" alt=\"\" data-srcset=\"https:\/\/spvs.org.br\/wp-content\/uploads\/2025\/09\/spvs-sociedade-de-pesquisa-em-vida-selvagem-e-educacao-ambiental-reservas-naturais-para-criancas-mascote-bg-03.png 1050w, https:\/\/spvs.org.br\/wp-content\/uploads\/2025\/09\/spvs-sociedade-de-pesquisa-em-vida-selvagem-e-educacao-ambiental-reservas-naturais-para-criancas-mascote-bg-03-300x300.png 300w, https:\/\/spvs.org.br\/wp-content\/uploads\/2025\/09\/spvs-sociedade-de-pesquisa-em-vida-selvagem-e-educacao-ambiental-reservas-naturais-para-criancas-mascote-bg-03-1024x1024.png 1024w, https:\/\/spvs.org.br\/wp-content\/uploads\/2025\/09\/spvs-sociedade-de-pesquisa-em-vida-selvagem-e-educacao-ambiental-reservas-naturais-para-criancas-mascote-bg-03-150x150.png 150w, https:\/\/spvs.org.br\/wp-content\/uploads\/2025\/09\/spvs-sociedade-de-pesquisa-em-vida-selvagem-e-educacao-ambiental-reservas-naturais-para-criancas-mascote-bg-03-768x768.png 768w, https:\/\/spvs.org.br\/wp-content\/uploads\/2025\/09\/spvs-sociedade-de-pesquisa-em-vida-selvagem-e-educacao-ambiental-reservas-naturais-para-criancas-mascote-bg-03-12x12.png 12w\" data-sizes=\"(max-width: 1050px) 100vw, 1050px\" src=\"data:image\/svg+xml;base64,PHN2ZyB3aWR0aD0iMSIgaGVpZ2h0PSIxIiB4bWxucz0iaHR0cDovL3d3dy53My5vcmcvMjAwMC9zdmciPjwvc3ZnPg==\" style=\"--smush-placeholder-width: 1050px; --smush-placeholder-aspect-ratio: 1050\/1050;\" \/>\t\t\t\t\t\t\t\t\t\t\t\t\t\t\t<\/div>\n\t\t\t\t<\/div>\n\t\t\t\t<\/div>\n\t\t<div class=\"elementor-element elementor-element-b1c35d4 e-con-full e-flex elementor-invisible e-con e-child\" data-id=\"b1c35d4\" data-element_type=\"container\" data-e-type=\"container\" data-settings=\"{&quot;animation&quot;:&quot;fadeInRight&quot;,&quot;_ha_eqh_enable&quot;:false}\">\n\t\t\t\t<div class=\"elementor-element elementor-element-a98aa56 elementor-widget__width-initial elementor-widget elementor-widget-heading\" data-id=\"a98aa56\" data-element_type=\"widget\" data-e-type=\"widget\" data-widget_type=\"heading.default\">\n\t\t\t\t<div class=\"elementor-widget-container\">\n\t\t\t\t\t<h2 class=\"elementor-heading-title elementor-size-default\">Now that you know some key words, let's understand a little about parrots?<\/h2>\t\t\t\t<\/div>\n\t\t\t\t<\/div>\n\t\t\t\t<div class=\"elementor-element elementor-element-5dcd3c8 elementor-widget elementor-widget-text-editor\" data-id=\"5dcd3c8\" data-element_type=\"widget\" data-e-type=\"widget\" data-widget_type=\"text-editor.default\">\n\t\t\t\t<div class=\"elementor-widget-container\">\n\t\t\t\t\t\t\t\t\t<p><span style=\"font-weight: 400;\">Within the Atlantic Forest biome we have a multitude of species, including mammals, birds, reptiles, amphibians and fish.<\/span><\/p>\t\t\t\t\t\t\t\t<\/div>\n\t\t\t\t<\/div>\n\t\t\t\t<\/div>\n\t\t\t\t\t<\/div>\n\t\t\t\t<\/div>\n\t\t<div class=\"elementor-element elementor-element-b1770a0 e-flex e-con-boxed e-con e-parent\" data-id=\"b1770a0\" data-element_type=\"container\" data-e-type=\"container\" data-settings=\"{&quot;background_background&quot;:&quot;classic&quot;,&quot;_ha_eqh_enable&quot;:false}\">\n\t\t\t\t\t<div class=\"e-con-inner\">\n\t\t<div class=\"elementor-element elementor-element-1f95fb5 e-con-full e-flex elementor-invisible e-con e-child\" data-id=\"1f95fb5\" data-element_type=\"container\" data-e-type=\"container\" data-settings=\"{&quot;animation&quot;:&quot;fadeInRight&quot;,&quot;background_background&quot;:&quot;classic&quot;,&quot;_ha_eqh_enable&quot;:false}\">\n\t\t\t\t<div class=\"elementor-element elementor-element-cdaba2d elementor-widget__width-initial elementor-widget elementor-widget-heading\" data-id=\"cdaba2d\" data-element_type=\"widget\" data-e-type=\"widget\" data-widget_type=\"heading.default\">\n\t\t\t\t<div class=\"elementor-widget-container\">\n\t\t\t\t\t<h2 class=\"elementor-heading-title elementor-size-default\">Every morning or late afternoon, when we look up at the sky in some parts of the coast of Paran\u00e1 and S\u00e3o Paulo, we see a flock of parrots coloring our days and filling us with joy with their sounds:<\/h2>\t\t\t\t<\/div>\n\t\t\t\t<\/div>\n\t\t\t\t<div class=\"elementor-element elementor-element-748e7fd elementor-widget__width-initial elementor-widget elementor-widget-heading\" data-id=\"748e7fd\" data-element_type=\"widget\" data-e-type=\"widget\" data-widget_type=\"heading.default\">\n\t\t\t\t<div class=\"elementor-widget-container\">\n\t\t\t\t\t<h2 class=\"elementor-heading-title elementor-size-default\">KLI-KLI!<br>KRA-KRA!<\/h2>\t\t\t\t<\/div>\n\t\t\t\t<\/div>\n\t\t\t\t<div class=\"elementor-element elementor-element-ed974d2 elementor-widget__width-initial elementor-widget elementor-widget-heading\" data-id=\"ed974d2\" data-element_type=\"widget\" data-e-type=\"widget\" data-widget_type=\"heading.default\">\n\t\t\t\t<div class=\"elementor-widget-container\">\n\t\t\t\t\t<h2 class=\"elementor-heading-title elementor-size-default\">This is the red-faced parrot (Amazona brasiliensis),\na bird that inhabited the Atlantic Forest from the extreme north\nof Santa Catarina to the southern coast of S\u00e3o Paulo.<\/h2>\t\t\t\t<\/div>\n\t\t\t\t<\/div>\n\t\t\t\t<\/div>\n\t\t\t\t\t<\/div>\n\t\t\t\t<\/div>\n\t\t\t\t<\/div>","protected":false},"excerpt":{"rendered":"<p>Hello, little guardian of nature. Are you ready for an adventure? CLICK HERE TO LEARN HOW! Here you&#8217;ll find stories about Nature Conservation, the Atlantic Forest biome, and many interesting facts about some Brazilian fauna. Throughout our experience, you&#8217;ll be guided by a rare Brazilian fauna species, the black-faced lion tamarin. Our agreement is that [&hellip;]<\/p>\n","protected":false},"author":2,"featured_media":0,"parent":0,"menu_order":0,"comment_status":"closed","ping_status":"closed","template":"","meta":{"footnotes":""},"class_list":["post-8025","page","type-page","status-publish","hentry"],"_links":{"self":[{"href":"https:\/\/spvs.org.br\/en\/wp-json\/wp\/v2\/pages\/8025","targetHints":{"allow":["GET"]}}],"collection":[{"href":"https:\/\/spvs.org.br\/en\/wp-json\/wp\/v2\/pages"}],"about":[{"href":"https:\/\/spvs.org.br\/en\/wp-json\/wp\/v2\/types\/page"}],"author":[{"embeddable":true,"href":"https:\/\/spvs.org.br\/en\/wp-json\/wp\/v2\/users\/2"}],"replies":[{"embeddable":true,"href":"https:\/\/spvs.org.br\/en\/wp-json\/wp\/v2\/comments?post=8025"}],"version-history":[{"count":0,"href":"https:\/\/spvs.org.br\/en\/wp-json\/wp\/v2\/pages\/8025\/revisions"}],"wp:attachment":[{"href":"https:\/\/spvs.org.br\/en\/wp-json\/wp\/v2\/media?parent=8025"}],"curies":[{"name":"wp","href":"https:\/\/api.w.org\/{rel}","templated":true}]}}