{"id":7731,"date":"2025-09-02T17:38:30","date_gmt":"2025-09-02T20:38:30","guid":{"rendered":"https:\/\/spvs.com.br\/library\/"},"modified":"2025-09-11T09:32:52","modified_gmt":"2025-09-11T12:32:52","slug":"library","status":"publish","type":"page","link":"https:\/\/spvs.org.br\/en\/library\/","title":{"rendered":"Library<br>"},"content":{"rendered":"<div data-elementor-type=\"wp-page\" data-elementor-id=\"7731\" class=\"elementor elementor-7731 elementor-6424\" data-elementor-settings=\"{&quot;ha_cmc_init_switcher&quot;:&quot;no&quot;}\" data-elementor-post-type=\"page\">\n\t\t\t\t<div class=\"elementor-element elementor-element-ad28a84 e-flex e-con-boxed e-con e-parent\" data-id=\"ad28a84\" data-element_type=\"container\" data-e-type=\"container\" data-settings=\"{&quot;background_background&quot;:&quot;classic&quot;,&quot;_ha_eqh_enable&quot;:false}\">\n\t\t\t\t\t<div class=\"e-con-inner\">\n\t\t<div class=\"elementor-element elementor-element-eb8ff26 e-flex e-con-boxed e-con e-child\" data-id=\"eb8ff26\" data-element_type=\"container\" data-e-type=\"container\" data-settings=\"{&quot;_ha_eqh_enable&quot;:false}\">\n\t\t\t\t\t<div class=\"e-con-inner\">\n\t\t\t\t<div class=\"elementor-element elementor-element-07ba128 elementor-widget elementor-widget-text-editor\" data-id=\"07ba128\" data-element_type=\"widget\" data-e-type=\"widget\" data-widget_type=\"text-editor.default\">\n\t\t\t\t<div class=\"elementor-widget-container\">\n\t\t\t\t\t\t\t\t\t<p>Photo: Gabriel Marchi \u00a9<\/p>\t\t\t\t\t\t\t\t<\/div>\n\t\t\t\t<\/div>\n\t\t\t\t\t<\/div>\n\t\t\t\t<\/div>\n\t\t\t\t\t<\/div>\n\t\t\t\t<\/div>\n\t\t<div class=\"elementor-element elementor-element-d12acee e-flex e-con-boxed e-con e-parent\" data-id=\"d12acee\" data-element_type=\"container\" data-e-type=\"container\" data-settings=\"{&quot;_ha_eqh_enable&quot;:false}\">\n\t\t\t\t\t<div class=\"e-con-inner\">\n\t\t<div class=\"elementor-element elementor-element-38f4f07 e-con-full e-flex elementor-invisible e-con e-child\" data-id=\"38f4f07\" data-element_type=\"container\" data-e-type=\"container\" data-settings=\"{&quot;animation&quot;:&quot;fadeInRight&quot;,&quot;_ha_eqh_enable&quot;:false}\">\n\t\t\t\t<div class=\"elementor-element elementor-element-4408155 elementor-widget__width-initial elementor-widget elementor-widget-heading\" data-id=\"4408155\" data-element_type=\"widget\" data-e-type=\"widget\" data-widget_type=\"heading.default\">\n\t\t\t\t<div class=\"elementor-widget-container\">\n\t\t\t\t\t<h2 class=\"elementor-heading-title elementor-size-default\">File Library<br>for Downloads<\/h2>\t\t\t\t<\/div>\n\t\t\t\t<\/div>\n\t\t<div class=\"elementor-element elementor-element-5d6f999 e-con-full e-flex e-con e-child\" data-id=\"5d6f999\" data-element_type=\"container\" data-e-type=\"container\" data-settings=\"{&quot;_ha_eqh_enable&quot;:false}\">\n\t\t\t\t<div class=\"elementor-element elementor-element-fc7bbf6 elementor-widget elementor-widget-spvs-biblioteca-unificado\" data-id=\"fc7bbf6\" data-element_type=\"widget\" data-e-type=\"widget\" data-widget_type=\"spvs-biblioteca-unificado.default\">\n\t\t\t\t<div class=\"elementor-widget-container\">\n\t\t\t\t\t<div class=\"spvs-biblioteca-container\" data-posts-per-page=\"12\" data-orderby=\"date\" data-order=\"DESC\" data-search=\"\" data-paged=\"1\" data-max-pages=\"0\" data-total-posts=\"0\"><form method=\"get\" class=\"spvs-biblioteca-search\" role=\"search\" aria-label=\"Buscar documentos\" id=\"spvs-filtros-biblioteca\" action=\"\"><input type=\"hidden\" name=\"paged\" value=\"1\" \/><div class=\"spvs-filtros-linha spvs-filtros-linha-1\"><div class=\"filtro-grupo filtro-grupo-busca\" data-filter=\"search\"><label for=\"s\">Buscar por t\u00edtulo\/conte\u00fado:<\/label><div class=\"filtro-busca-linha\"><input type=\"text\" name=\"s\" id=\"s\" value=\"\" \/><button type=\"submit\" class=\"button\">Filtrar<\/button><\/div><\/div><\/div><div class=\"spvs-filtros-linha spvs-filtros-linha-2\"><div class=\"filtro-grupo\" data-filter=\"category\"><label for=\"categoria\">Filtrar por Categoria:<\/label><select name=\"categoria\" id=\"categoria\"><option value=\"0\">Todas as Categorias<\/option><option value=\"608\" >Condom\u00ednio da Biodiversidade<\/option><option value=\"612\" >Araucaria Connection<\/option><option value=\"609\" >Desmatamento Evitado<\/option><option value=\"613\" >Conservation Education<\/option><option value=\"614\" >Training young people for nature production<\/option><option value=\"610\" >Water Neutrality<\/option><option value=\"607\" >Parrots of Brazil<\/option><option value=\"611\" >Biodiversity Production (JTIBio)<\/option><option value=\"560\" >Natural Reserves<\/option><\/select><\/div><div class=\"filtro-grupo\" data-filter=\"tag\"><label for=\"tag\">Filtrar por Tag:<\/label><select name=\"tag\" id=\"tag\"><option value=\"0\">Todas as Tags<\/option><option value=\"561\" >Fauna<\/option><option value=\"564\" >Flora<\/option><option value=\"562\" >Papagaio-de-cara-roxa<\/option><option value=\"563\" >Reserva Natural<\/option><\/select><\/div><div class=\"filtro-grupo\" data-filter=\"orderby\"><label for=\"orderby\">Ordenar por:<\/label><select name=\"orderby\" id=\"orderby\"><option value=\"date\"  selected='selected'>Data<\/option><option value=\"title\" >T\u00edtulo<\/option><option value=\"modified\" >Modificado<\/option><\/select><\/div><div class=\"filtro-grupo\" data-filter=\"order\"><label for=\"order\">Ordem:<\/label><select name=\"order\" id=\"order\"><option value=\"DESC\"  selected='selected'>Descendente<\/option><option value=\"ASC\" >Ascendente<\/option><\/select><\/div><div class=\"filtro-grupo filtro-grupo-acoes\" data-filter=\"actions\"><a href=\"\/en\/wp-json\/wp\/v2\/pages\/7731\" class=\"button\" role=\"button\">Limpar filtro<\/a><\/div><\/div><input type=\"hidden\" name=\"trp-form-language\" value=\"en\"\/><\/form><div class=\"spvs-biblioteca-empty\"><p>Nenhum documento encontrado.<\/p><\/div><\/div>\t\t\t\t<\/div>\n\t\t\t\t<\/div>\n\t\t\t\t<\/div>\n\t\t<div class=\"elementor-element elementor-element-c933d0a e-con-full e-flex e-con e-child\" data-id=\"c933d0a\" data-element_type=\"container\" data-e-type=\"container\" data-settings=\"{&quot;_ha_eqh_enable&quot;:false}\">\n\t\t\t\t<\/div>\n\t\t\t\t<\/div>\n\t\t\t\t\t<\/div>\n\t\t\t\t<\/div>\n\t\t\t\t<\/div>","protected":false},"excerpt":{"rendered":"<p>Photo: Gabriel Marchi \u00a9 File Libraryfor Downloads Buscar por t\u00edtulo\/conte\u00fado:FiltrarFiltrar por Categoria:Todas as CategoriasReservas NaturaisFiltrar por Tag:Todas as TagsFaunaFloraPapagaio-de-cara-roxaReserva NaturalOrdenar por:DataT\u00edtuloModificadoOrdem:DescendenteAscendenteLimpar filtro Lista de esp\u00e9cies de flora da Reserva Natural Papagaio-de-cara-roxa Baixar agora Lista de esp\u00e9cies de fauna da Reserva Natural Papagaio-de-cara-roxa Baixar agora<\/p>","protected":false},"author":2,"featured_media":0,"parent":0,"menu_order":0,"comment_status":"closed","ping_status":"closed","template":"","meta":{"footnotes":""},"class_list":["post-7731","page","type-page","status-publish","hentry"],"_links":{"self":[{"href":"https:\/\/spvs.org.br\/en\/wp-json\/wp\/v2\/pages\/7731","targetHints":{"allow":["GET"]}}],"collection":[{"href":"https:\/\/spvs.org.br\/en\/wp-json\/wp\/v2\/pages"}],"about":[{"href":"https:\/\/spvs.org.br\/en\/wp-json\/wp\/v2\/types\/page"}],"author":[{"embeddable":true,"href":"https:\/\/spvs.org.br\/en\/wp-json\/wp\/v2\/users\/2"}],"replies":[{"embeddable":true,"href":"https:\/\/spvs.org.br\/en\/wp-json\/wp\/v2\/comments?post=7731"}],"version-history":[{"count":0,"href":"https:\/\/spvs.org.br\/en\/wp-json\/wp\/v2\/pages\/7731\/revisions"}],"wp:attachment":[{"href":"https:\/\/spvs.org.br\/en\/wp-json\/wp\/v2\/media?parent=7731"}],"curies":[{"name":"wp","href":"https:\/\/api.w.org\/{rel}","templated":true}]}}