{"id":7143,"date":"2025-06-21T16:29:44","date_gmt":"2025-06-21T19:29:44","guid":{"rendered":"https:\/\/spvs.com.br\/institutional-materials\/"},"modified":"2025-09-09T15:45:20","modified_gmt":"2025-09-09T18:45:20","slug":"institutional-materials","status":"publish","type":"page","link":"https:\/\/spvs.org.br\/en\/institutional-materials\/","title":{"rendered":"Institutional Materials"},"content":{"rendered":"<div data-elementor-type=\"wp-page\" data-elementor-id=\"7143\" class=\"elementor elementor-7143 elementor-2749\" data-elementor-settings=\"{&quot;ha_cmc_init_switcher&quot;:&quot;no&quot;}\" data-elementor-post-type=\"page\">\n\t\t\t\t<div class=\"elementor-element elementor-element-1e4b2ff e-flex e-con-boxed e-con e-parent\" data-id=\"1e4b2ff\" data-element_type=\"container\" data-e-type=\"container\" data-settings=\"{&quot;background_background&quot;:&quot;classic&quot;,&quot;_ha_eqh_enable&quot;:false}\">\n\t\t\t\t\t<div class=\"e-con-inner\">\n\t\t<div class=\"elementor-element elementor-element-9963360 e-flex e-con-boxed e-con e-child\" data-id=\"9963360\" data-element_type=\"container\" data-e-type=\"container\" data-settings=\"{&quot;_ha_eqh_enable&quot;:false}\">\n\t\t\t\t\t<div class=\"e-con-inner\">\n\t\t\t\t<div class=\"elementor-element elementor-element-06e73b0 elementor-widget__width-initial elementor-widget elementor-widget-heading\" data-id=\"06e73b0\" data-element_type=\"widget\" data-e-type=\"widget\" data-widget_type=\"heading.default\">\n\t\t\t\t<div class=\"elementor-widget-container\">\n\t\t\t\t\t<h2 class=\"elementor-heading-title elementor-size-default\">Caring for Nature Begins with Information<\/h2>\t\t\t\t<\/div>\n\t\t\t\t<\/div>\n\t\t\t\t\t<\/div>\n\t\t\t\t<\/div>\n\t\t\t\t\t<\/div>\n\t\t\t\t<\/div>\n\t\t<div class=\"elementor-element elementor-element-95bccc7 e-flex e-con-boxed e-con e-parent\" data-id=\"95bccc7\" data-element_type=\"container\" data-e-type=\"container\" data-settings=\"{&quot;_ha_eqh_enable&quot;:false}\">\n\t\t\t\t\t<div class=\"e-con-inner\">\n\t\t<div class=\"elementor-element elementor-element-0d2565b e-con-full e-flex elementor-invisible e-con e-child\" data-id=\"0d2565b\" data-element_type=\"container\" data-e-type=\"container\" data-settings=\"{&quot;animation&quot;:&quot;fadeInLeft&quot;,&quot;_ha_eqh_enable&quot;:false}\">\n\t\t\t\t<div class=\"elementor-element elementor-element-a4b5241 elementor-widget elementor-widget-text-editor\" data-id=\"a4b5241\" data-element_type=\"widget\" data-e-type=\"widget\" data-widget_type=\"text-editor.default\">\n\t\t\t\t<div class=\"elementor-widget-container\">\n\t\t\t\t\t\t\t\t\t<p>20 Years of History<\/p>\t\t\t\t\t\t\t\t<\/div>\n\t\t\t\t<\/div>\n\t\t\t\t<div class=\"elementor-element elementor-element-a475247 elementor-widget__width-initial elementor-widget elementor-widget-heading\" data-id=\"a475247\" data-element_type=\"widget\" data-e-type=\"widget\" data-widget_type=\"heading.default\">\n\t\t\t\t<div class=\"elementor-widget-container\">\n\t\t\t\t\t<h2 class=\"elementor-heading-title elementor-size-default\">SPVS Natural Reserves<\/h2>\t\t\t\t<\/div>\n\t\t\t\t<\/div>\n\t\t\t\t<div class=\"elementor-element elementor-element-e088e9b elementor-widget elementor-widget-text-editor\" data-id=\"e088e9b\" data-element_type=\"widget\" data-e-type=\"widget\" data-widget_type=\"text-editor.default\">\n\t\t\t\t<div class=\"elementor-widget-container\">\n\t\t\t\t\t\t\t\t\t<p><strong>The book \u201cSPVS Natural Reserves: 20 Years of History\u201d<\/strong> tells about SPVS&#8217;s pioneering work in the restoration and conservation of the Atlantic Forest. The work presents information about the process of establishing the Natural Reserves, the techniques used and improved, the relationships and partnerships built, the educational actions for nature conservation, as well as the results in the social and economic development of local residents.\u200b <\/p><p>Together, the Natural Reserves \u2013 das \u00c1guas, Papagaio-de-cara-roxa, and Guaricica, located in Antonina and Guaraque\u00e7aba, northern coast of Paran\u00e1 \u2013 preserve about 19,000 hectares of Atlantic Forest.\u200b<\/p>\t\t\t\t\t\t\t\t<\/div>\n\t\t\t\t<\/div>\n\t\t\t\t<\/div>\n\t\t<a class=\"elementor-element elementor-element-60089ec e-con-full e-flex elementor-invisible e-con e-child\" data-id=\"60089ec\" data-element_type=\"container\" data-e-type=\"container\" data-settings=\"{&quot;background_background&quot;:&quot;classic&quot;,&quot;animation&quot;:&quot;fadeInDown&quot;,&quot;_ha_eqh_enable&quot;:false}\" href=\"https:\/\/spvs.org.br\/wp-content\/uploads\/2025\/07\/20-Anos-de-Historia-Reservas-Naturais-da-SPVS-Sociedade-de-Pesquisa-em-Vida-Selvagem-e-Educacao-Ambiental.pdf\" target=\"_blank\">\n\t\t\t\t<div class=\"elementor-element elementor-element-282dc3d elementor-widget elementor-widget-text-editor\" data-id=\"282dc3d\" data-element_type=\"widget\" data-e-type=\"widget\" data-widget_type=\"text-editor.default\">\n\t\t\t\t<div class=\"elementor-widget-container\">\n\t\t\t\t\t\t\t\t\t<p><strong>Download the Book<\/strong><\/p>\t\t\t\t\t\t\t\t<\/div>\n\t\t\t\t<\/div>\n\t\t\t\t<\/a>\n\t\t\t\t\t<\/div>\n\t\t\t\t<\/div>\n\t\t<div class=\"elementor-element elementor-element-739bf1c e-flex e-con-boxed e-con e-parent\" data-id=\"739bf1c\" data-element_type=\"container\" data-e-type=\"container\" data-settings=\"{&quot;background_background&quot;:&quot;classic&quot;,&quot;_ha_eqh_enable&quot;:false}\">\n\t\t\t\t\t<div class=\"e-con-inner\">\n\t\t<div class=\"elementor-element elementor-element-5882e4c e-con-full e-flex elementor-invisible e-con e-child\" data-id=\"5882e4c\" data-element_type=\"container\" data-e-type=\"container\" data-settings=\"{&quot;animation&quot;:&quot;fadeInLeft&quot;,&quot;_ha_eqh_enable&quot;:false}\">\n\t\t\t\t<div class=\"elementor-element elementor-element-628a4a9 elementor-widget elementor-widget-text-editor\" data-id=\"628a4a9\" data-element_type=\"widget\" data-e-type=\"widget\" data-widget_type=\"text-editor.default\">\n\t\t\t\t<div class=\"elementor-widget-container\">\n\t\t\t\t\t\t\t\t\tParks, Rewilding, and Local Development\t\t\t\t\t\t\t\t<\/div>\n\t\t\t\t<\/div>\n\t\t\t\t<div class=\"elementor-element elementor-element-920c795 elementor-widget__width-initial elementor-widget elementor-widget-heading\" data-id=\"920c795\" data-element_type=\"widget\" data-e-type=\"widget\" data-widget_type=\"heading.default\">\n\t\t\t\t<div class=\"elementor-widget-container\">\n\t\t\t\t\t<h2 class=\"elementor-heading-title elementor-size-default\">Nature Production<\/h2>\t\t\t\t<\/div>\n\t\t\t\t<\/div>\n\t\t\t\t<div class=\"elementor-element elementor-element-2f0b2db elementor-widget elementor-widget-text-editor\" data-id=\"2f0b2db\" data-element_type=\"widget\" data-e-type=\"widget\" data-widget_type=\"text-editor.default\">\n\t\t\t\t<div class=\"elementor-widget-container\">\n\t\t\t\t\t\t\t\t\t<p><strong>The book \u201cNature Production: Parks, Rewilding, and Local Development\u201d<\/strong> presents the principles and tools of biological and social sciences, combined with the practical experience of biologist Ign\u00e1cio Jim\u00e9nez P\u00e9rez, in the preservation of natural and cultural heritage.<\/p><p>From a prospecting work for nature conservation actions, in partnership with the Conservation Land Trust (which works on preservation projects in Argentina and Chile), SPVS became aware of the concept of Nature Production in 2015. It is from this intense work of approximation that in 2018 it launched the Grande Reserva Mata Atl\u00e2ntica initiative, the first Brazilian case applying the methodology. And thus, in 2019, it launched the translation of the work to inspire other common initiatives \u2013 as has already happened with the Alto Pantanal.  <\/p>\t\t\t\t\t\t\t\t<\/div>\n\t\t\t\t<\/div>\n\t\t\t\t<\/div>\n\t\t<a class=\"elementor-element elementor-element-bfa55a0 e-con-full e-flex elementor-invisible e-con e-child\" data-id=\"bfa55a0\" data-element_type=\"container\" data-e-type=\"container\" data-settings=\"{&quot;background_background&quot;:&quot;classic&quot;,&quot;animation&quot;:&quot;fadeInDown&quot;,&quot;_ha_eqh_enable&quot;:false}\" href=\"https:\/\/spvs.org.br\/wp-content\/uploads\/2025\/07\/Producao-de-Natureza-SPVS-Sociedade-de-Pesquisa-em-Vida-Selvagem-e-Educacao-Ambiental.pdf\" target=\"_blank\">\n\t\t\t\t<div class=\"elementor-element elementor-element-b874d25 elementor-widget elementor-widget-text-editor\" data-id=\"b874d25\" data-element_type=\"widget\" data-e-type=\"widget\" data-widget_type=\"text-editor.default\">\n\t\t\t\t<div class=\"elementor-widget-container\">\n\t\t\t\t\t\t\t\t\t<p><strong>Download the Book<\/strong><\/p>\t\t\t\t\t\t\t\t<\/div>\n\t\t\t\t<\/div>\n\t\t\t\t<\/a>\n\t\t\t\t\t<\/div>\n\t\t\t\t<\/div>\n\t\t<div class=\"elementor-element elementor-element-ea93cee e-flex e-con-boxed e-con e-parent\" data-id=\"ea93cee\" data-element_type=\"container\" data-e-type=\"container\" data-settings=\"{&quot;_ha_eqh_enable&quot;:false}\">\n\t\t\t\t\t<div class=\"e-con-inner\">\n\t\t<div class=\"elementor-element elementor-element-206f8b9 e-con-full e-flex elementor-invisible e-con e-child\" data-id=\"206f8b9\" data-element_type=\"container\" data-e-type=\"container\" data-settings=\"{&quot;animation&quot;:&quot;fadeInLeft&quot;,&quot;_ha_eqh_enable&quot;:false}\">\n\t\t\t\t<div class=\"elementor-element elementor-element-9d80ad2 elementor-widget__width-initial elementor-widget elementor-widget-heading\" data-id=\"9d80ad2\" data-element_type=\"widget\" data-e-type=\"widget\" data-widget_type=\"heading.default\">\n\t\t\t\t<div class=\"elementor-widget-container\">\n\t\t\t\t\t<h2 class=\"elementor-heading-title elementor-size-default\">\nIntegrated Conservation Plan for the Guaraque\u00e7aba Region (PR)<\/h2>\t\t\t\t<\/div>\n\t\t\t\t<\/div>\n\t\t\t\t<div class=\"elementor-element elementor-element-ac28543 elementor-widget elementor-widget-text-editor\" data-id=\"ac28543\" data-element_type=\"widget\" data-e-type=\"widget\" data-widget_type=\"text-editor.default\">\n\t\t\t\t<div class=\"elementor-widget-container\">\n\t\t\t\t\t\t\t\t\t<p><strong>The book \u201cSPVS Natural Reserves: 20 Years of History\u201d<\/strong> tells about SPVS&#8217;s pioneering work in the restoration and conservation of the Atlantic Forest. The work presents information about the process of establishing the Natural Reserves, the techniques used and improved, the relationships and partnerships built, the educational actions for nature conservation, as well as the results in the social and economic development of local residents.\u200b <\/p><p>Together, the Natural Reserves \u2013 das \u00c1guas, Papagaio-de-cara-roxa, and Guaricica, located in Antonina and Guaraque\u00e7aba, northern coast of Paran\u00e1 \u2013 preserve about 19,000 hectares of Atlantic Forest.\u200b<\/p>\t\t\t\t\t\t\t\t<\/div>\n\t\t\t\t<\/div>\n\t\t\t\t<\/div>\n\t\t<a class=\"elementor-element elementor-element-c40593e e-con-full e-flex elementor-invisible e-con e-child\" data-id=\"c40593e\" data-element_type=\"container\" data-e-type=\"container\" data-settings=\"{&quot;background_background&quot;:&quot;classic&quot;,&quot;animation&quot;:&quot;fadeInDown&quot;,&quot;_ha_eqh_enable&quot;:false}\" href=\"https:\/\/spvs.org.br\/wp-content\/uploads\/2025\/07\/Plano-Integrado-de-Conservacao-Guaraquecaba-SPVS-Sociedade-de-Pesquisa-em-Vida-Selvagem-e-Educacao-Ambiental.pdf\" target=\"_blank\">\n\t\t\t\t<div class=\"elementor-element elementor-element-4c67624 elementor-widget elementor-widget-text-editor\" data-id=\"4c67624\" data-element_type=\"widget\" data-e-type=\"widget\" data-widget_type=\"text-editor.default\">\n\t\t\t\t<div class=\"elementor-widget-container\">\n\t\t\t\t\t\t\t\t\t<p><strong>Download the Book<\/strong><\/p>\t\t\t\t\t\t\t\t<\/div>\n\t\t\t\t<\/div>\n\t\t\t\t<\/a>\n\t\t\t\t\t<\/div>\n\t\t\t\t<\/div>\n\t\t\t\t<\/div>","protected":false},"excerpt":{"rendered":"<p>Caring for Nature Begins with Information 20 Years of History SPVS Natural Reserves The book \u201cSPVS Natural Reserves: 20 Years of History\u201d tells about SPVS&#8217;s pioneering work in the restoration and conservation of the Atlantic Forest. The work presents information about the process of establishing the Natural Reserves, the techniques used and improved, the relationships [&hellip;]<\/p>\n","protected":false},"author":2,"featured_media":0,"parent":0,"menu_order":0,"comment_status":"closed","ping_status":"closed","template":"","meta":{"footnotes":""},"class_list":["post-7143","page","type-page","status-publish","hentry"],"_links":{"self":[{"href":"https:\/\/spvs.org.br\/en\/wp-json\/wp\/v2\/pages\/7143","targetHints":{"allow":["GET"]}}],"collection":[{"href":"https:\/\/spvs.org.br\/en\/wp-json\/wp\/v2\/pages"}],"about":[{"href":"https:\/\/spvs.org.br\/en\/wp-json\/wp\/v2\/types\/page"}],"author":[{"embeddable":true,"href":"https:\/\/spvs.org.br\/en\/wp-json\/wp\/v2\/users\/2"}],"replies":[{"embeddable":true,"href":"https:\/\/spvs.org.br\/en\/wp-json\/wp\/v2\/comments?post=7143"}],"version-history":[{"count":0,"href":"https:\/\/spvs.org.br\/en\/wp-json\/wp\/v2\/pages\/7143\/revisions"}],"wp:attachment":[{"href":"https:\/\/spvs.org.br\/en\/wp-json\/wp\/v2\/media?parent=7143"}],"curies":[{"name":"wp","href":"https:\/\/api.w.org\/{rel}","templated":true}]}}