{"id":7077,"date":"2025-09-03T19:52:31","date_gmt":"2025-09-03T22:52:31","guid":{"rendered":"https:\/\/spvs.com.br\/press\/"},"modified":"2026-03-04T17:20:13","modified_gmt":"2026-03-04T20:20:13","slug":"press","status":"publish","type":"page","link":"https:\/\/spvs.org.br\/en\/press\/","title":{"rendered":"Press"},"content":{"rendered":"<div data-elementor-type=\"wp-page\" data-elementor-id=\"7077\" class=\"elementor elementor-7077 elementor-6494\" data-elementor-settings=\"{&quot;ha_cmc_init_switcher&quot;:&quot;no&quot;}\" data-elementor-post-type=\"page\">\n\t\t\t\t<div class=\"elementor-element elementor-element-7509aa8 e-flex e-con-boxed e-con e-parent\" data-id=\"7509aa8\" data-element_type=\"container\" data-e-type=\"container\" data-settings=\"{&quot;background_background&quot;:&quot;classic&quot;,&quot;_ha_eqh_enable&quot;:false}\">\n\t\t\t\t\t<div class=\"e-con-inner\">\n\t\t<div class=\"elementor-element elementor-element-c42dcbe e-flex e-con-boxed e-con e-child\" data-id=\"c42dcbe\" data-element_type=\"container\" data-e-type=\"container\" data-settings=\"{&quot;_ha_eqh_enable&quot;:false}\">\n\t\t\t\t\t<div class=\"e-con-inner\">\n\t\t\t\t<div class=\"elementor-element elementor-element-5c988bd elementor-widget elementor-widget-text-editor\" data-id=\"5c988bd\" data-element_type=\"widget\" data-e-type=\"widget\" data-widget_type=\"text-editor.default\">\n\t\t\t\t<div class=\"elementor-widget-container\">\n\t\t\t\t\t\t\t\t\t<p>Photo: Gabriel Marchi \u00a9<\/p>\t\t\t\t\t\t\t\t<\/div>\n\t\t\t\t<\/div>\n\t\t\t\t\t<\/div>\n\t\t\t\t<\/div>\n\t\t\t\t\t<\/div>\n\t\t\t\t<\/div>\n\t\t<div class=\"elementor-element elementor-element-d84af44 e-flex e-con-boxed e-con e-parent\" data-id=\"d84af44\" data-element_type=\"container\" data-e-type=\"container\" data-settings=\"{&quot;_ha_eqh_enable&quot;:false}\">\n\t\t\t\t\t<div class=\"e-con-inner\">\n\t\t<div class=\"elementor-element elementor-element-14105dc e-con-full e-flex elementor-invisible e-con e-child\" data-id=\"14105dc\" data-element_type=\"container\" data-e-type=\"container\" data-settings=\"{&quot;animation&quot;:&quot;fadeInRight&quot;,&quot;_ha_eqh_enable&quot;:false}\">\n\t\t\t\t<div class=\"elementor-element elementor-element-6f4cbd4 elementor-widget__width-initial elementor-widget elementor-widget-heading\" data-id=\"6f4cbd4\" data-element_type=\"widget\" data-e-type=\"widget\" data-widget_type=\"heading.default\">\n\t\t\t\t<div class=\"elementor-widget-container\">\n\t\t\t\t\t<h2 class=\"elementor-heading-title elementor-size-default\">SPVS in the Press<\/h2>\t\t\t\t<\/div>\n\t\t\t\t<\/div>\n\t\t\t\t<div class=\"elementor-element elementor-element-ea6088b elementor-widget elementor-widget-spvs-imprensa-unificado\" data-id=\"ea6088b\" data-element_type=\"widget\" data-e-type=\"widget\" data-widget_type=\"spvs-imprensa-unificado.default\">\n\t\t\t\t<div class=\"elementor-widget-container\">\n\t\t\t\t\t<div class=\"spvs-imprensa-container\" data-posts-per-page=\"12\" data-orderby=\"date\" data-order=\"DESC\" data-paged=\"1\" data-max-pages=\"0\" data-total-posts=\"0\"><div class=\"imprensa-nenhum-item\"><p>Nenhum item de imprensa encontrado.<\/p><\/div><div class=\"spvs-loading-overlay\" style=\"display: none;\"><div class=\"spvs-loading-spinner\"><\/div><\/div><\/div>\t\t\t\t<\/div>\n\t\t\t\t<\/div>\n\t\t\t\t<\/div>\n\t\t\t\t\t<\/div>\n\t\t\t\t<\/div>\n\t\t\t\t<\/div>","protected":false},"excerpt":{"rendered":"<p>Photo: Gabriel Marchi \u00a9 SPVS in the Press Mata do Uru \u00e9 modelo na conserva\u00e7\u00e3o de floresta com arauc\u00e1rias 05\/02\/2026 Arauc\u00e1rias centen\u00e1rias se tornaram s\u00edmbolos do estado do Paran\u00e1. Ver mat\u00e9ria sobre Mata do Uru \u00e9 modelo na conserva\u00e7\u00e3o de floresta com arauc\u00e1rias A hist\u00f3ria de uma Reserva Natural que mudou a rela\u00e7\u00e3o entre uma [&hellip;]<\/p>\n","protected":false},"author":3,"featured_media":0,"parent":0,"menu_order":0,"comment_status":"closed","ping_status":"closed","template":"","meta":{"footnotes":""},"class_list":["post-7077","page","type-page","status-publish","hentry"],"_links":{"self":[{"href":"https:\/\/spvs.org.br\/en\/wp-json\/wp\/v2\/pages\/7077","targetHints":{"allow":["GET"]}}],"collection":[{"href":"https:\/\/spvs.org.br\/en\/wp-json\/wp\/v2\/pages"}],"about":[{"href":"https:\/\/spvs.org.br\/en\/wp-json\/wp\/v2\/types\/page"}],"author":[{"embeddable":true,"href":"https:\/\/spvs.org.br\/en\/wp-json\/wp\/v2\/users\/3"}],"replies":[{"embeddable":true,"href":"https:\/\/spvs.org.br\/en\/wp-json\/wp\/v2\/comments?post=7077"}],"version-history":[{"count":0,"href":"https:\/\/spvs.org.br\/en\/wp-json\/wp\/v2\/pages\/7077\/revisions"}],"wp:attachment":[{"href":"https:\/\/spvs.org.br\/en\/wp-json\/wp\/v2\/media?parent=7077"}],"curies":[{"name":"wp","href":"https:\/\/api.w.org\/{rel}","templated":true}]}}