{"id":7067,"date":"2025-06-21T21:21:34","date_gmt":"2025-06-22T00:21:34","guid":{"rendered":"https:\/\/spvs.com.br\/education-for-conservation\/"},"modified":"2025-09-09T15:51:46","modified_gmt":"2025-09-09T18:51:46","slug":"education-for-conservation","status":"publish","type":"page","link":"https:\/\/spvs.org.br\/en\/education-for-conservation\/","title":{"rendered":"Education for Conservation"},"content":{"rendered":"<div data-elementor-type=\"wp-page\" data-elementor-id=\"7067\" class=\"elementor elementor-7067 elementor-2863\" data-elementor-settings=\"{&quot;ha_cmc_init_switcher&quot;:&quot;no&quot;}\" data-elementor-post-type=\"page\">\n\t\t\t\t<div class=\"elementor-element elementor-element-8ec0be5 e-flex e-con-boxed e-con e-parent\" data-id=\"8ec0be5\" data-element_type=\"container\" data-e-type=\"container\" data-settings=\"{&quot;background_background&quot;:&quot;classic&quot;,&quot;_ha_eqh_enable&quot;:false}\">\n\t\t\t\t\t<div class=\"e-con-inner\">\n\t\t<div class=\"elementor-element elementor-element-0df8902 e-flex e-con-boxed e-con e-child\" data-id=\"0df8902\" data-element_type=\"container\" data-e-type=\"container\" data-settings=\"{&quot;_ha_eqh_enable&quot;:false}\">\n\t\t\t\t\t<div class=\"e-con-inner\">\n\t\t\t\t<div class=\"elementor-element elementor-element-fbb67f5 elementor-widget elementor-widget-text-editor\" data-id=\"fbb67f5\" data-element_type=\"widget\" data-e-type=\"widget\" data-widget_type=\"text-editor.default\">\n\t\t\t\t<div class=\"elementor-widget-container\">\n\t\t\t\t\t\t\t\t\t<p>Photo: SPVS Archive \u00a9<\/p>\t\t\t\t\t\t\t\t<\/div>\n\t\t\t\t<\/div>\n\t\t\t\t\t<\/div>\n\t\t\t\t<\/div>\n\t\t\t\t\t<\/div>\n\t\t\t\t<\/div>\n\t\t<div class=\"elementor-element elementor-element-9d33996 e-flex e-con-boxed e-con e-parent\" data-id=\"9d33996\" data-element_type=\"container\" data-e-type=\"container\" data-settings=\"{&quot;_ha_eqh_enable&quot;:false}\">\n\t\t\t\t\t<div class=\"e-con-inner\">\n\t\t<div class=\"elementor-element elementor-element-dcdadaf e-con-full e-flex elementor-invisible e-con e-child\" data-id=\"dcdadaf\" data-element_type=\"container\" data-e-type=\"container\" data-settings=\"{&quot;animation&quot;:&quot;fadeInRight&quot;,&quot;_ha_eqh_enable&quot;:false}\">\n\t\t\t\t<div class=\"elementor-element elementor-element-60ebce4 elementor-widget__width-initial elementor-widget elementor-widget-heading\" data-id=\"60ebce4\" data-element_type=\"widget\" data-e-type=\"widget\" data-widget_type=\"heading.default\">\n\t\t\t\t<div class=\"elementor-widget-container\">\n\t\t\t\t\t<h2 class=\"elementor-heading-title elementor-size-default\">Conservation Education Program<\/h2>\t\t\t\t<\/div>\n\t\t\t\t<\/div>\n\t\t\t\t<div class=\"elementor-element elementor-element-c5c2aaf elementor-widget elementor-widget-text-editor\" data-id=\"c5c2aaf\" data-element_type=\"widget\" data-e-type=\"widget\" data-widget_type=\"text-editor.default\">\n\t\t\t\t<div class=\"elementor-widget-container\">\n\t\t\t\t\t\t\t\t\t<p><strong>The Nature Conservation Education Program, developed by SPVS<\/strong>, aims to reconnect society with nature, promoting changes in behavior, concepts, and values related to biodiversity protection.<\/p><p>The Program carries out a wide range of activities, notably the production and <strong>distribution of educational<\/strong> and informational materials, the development of theoretical and practical guidance actions for natural area owners, school visits, and monitoring of activities in natural areas\u2014such as the <strong>Natural Reserves maintained by SPVS<\/strong>, as well as developing partnerships with public and private institutions, training professionals, and supporting effective communication about nature conservation.<\/p>\t\t\t\t\t\t\t\t<\/div>\n\t\t\t\t<\/div>\n\t\t\t\t<\/div>\n\t\t<div class=\"elementor-element elementor-element-28512b1 e-con-full e-flex elementor-invisible e-con e-child\" data-id=\"28512b1\" data-element_type=\"container\" data-e-type=\"container\" data-settings=\"{&quot;animation&quot;:&quot;fadeInLeft&quot;,&quot;background_background&quot;:&quot;classic&quot;,&quot;_ha_eqh_enable&quot;:false}\">\n\t\t\t\t<div class=\"elementor-element elementor-element-658dbe7 elementor-widget elementor-widget-text-editor\" data-id=\"658dbe7\" data-element_type=\"widget\" data-e-type=\"widget\" data-widget_type=\"text-editor.default\">\n\t\t\t\t<div class=\"elementor-widget-container\">\n\t\t\t\t\t\t\t\t\t<p>Photo: SPVS Archive \u00a9<\/p>\t\t\t\t\t\t\t\t<\/div>\n\t\t\t\t<\/div>\n\t\t\t\t<\/div>\n\t\t\t\t\t<\/div>\n\t\t\t\t<\/div>\n\t\t<div class=\"elementor-element elementor-element-6a7056c e-flex e-con-boxed e-con e-parent\" data-id=\"6a7056c\" data-element_type=\"container\" data-e-type=\"container\" data-settings=\"{&quot;background_background&quot;:&quot;classic&quot;,&quot;_ha_eqh_enable&quot;:false}\">\n\t\t\t\t\t<div class=\"e-con-inner\">\n\t\t<div class=\"elementor-element elementor-element-f24b8f8 e-con-full e-flex elementor-invisible e-con e-child\" data-id=\"f24b8f8\" data-element_type=\"container\" data-e-type=\"container\" data-settings=\"{&quot;animation&quot;:&quot;fadeInRight&quot;,&quot;_ha_eqh_enable&quot;:false}\">\n\t\t\t\t<div class=\"elementor-element elementor-element-1671251 elementor-widget__width-initial elementor-widget elementor-widget-heading\" data-id=\"1671251\" data-element_type=\"widget\" data-e-type=\"widget\" data-widget_type=\"heading.default\">\n\t\t\t\t<div class=\"elementor-widget-container\">\n\t\t\t\t\t<h2 class=\"elementor-heading-title elementor-size-default\">Why support the initiative?<\/h2>\t\t\t\t<\/div>\n\t\t\t\t<\/div>\n\t\t\t\t<div class=\"elementor-element elementor-element-4e00895 elementor-widget elementor-widget-text-editor\" data-id=\"4e00895\" data-element_type=\"widget\" data-e-type=\"widget\" data-widget_type=\"text-editor.default\">\n\t\t\t\t<div class=\"elementor-widget-container\">\n\t\t\t\t\t\t\t\t\t<p><strong>The Nature Conservation Education Program<\/strong> aims to develop a sense of belonging to the environment and stimulate <strong>protection of natural heritage<\/strong>. The methodology developed by SPVS starts with a perception assessment with various audiences about the environmental reality surrounding them. Based on the collected information, the Program&#8217;s actions become a true instrument for change, allowing the implementation of context-adapted activities and the development of actions that generate awareness and concrete connections with nature.<\/p><p>By supporting the Program, organizations, whether public or private, help build durable and long-term results for Brazilian biodiversity\u2014SPVS believes that education and awareness are the best paths to changing the way we handle our natural heritage.<\/p><p>Partners supporting the Program can also access perception assessments, which can be useful for developing other environmental projects, including in partnership with SPVS. Additionally, there will be opportunities to publicize the results obtained with the Program and to feature the brand in materials produced by the Program.<\/p><p>The actions and results can also serve as input for developing communication strategies, for use in socio-environmental reports, and for obtaining certifications, such as the <strong>LIFE Certification.<\/strong><\/p><p>Interested in supporting the Program? Contact us to ask questions and evaluate how to start partnership proposals. <\/p>\t\t\t\t\t\t\t\t<\/div>\n\t\t\t\t<\/div>\n\t\t\t\t<div class=\"elementor-element elementor-element-12d4a15 elementor-widget elementor-widget-button\" data-id=\"12d4a15\" data-element_type=\"widget\" data-e-type=\"widget\" data-widget_type=\"button.default\">\n\t\t\t\t<div class=\"elementor-widget-container\">\n\t\t\t\t\t\t\t\t\t<div class=\"elementor-button-wrapper\">\n\t\t\t\t\t<a class=\"elementor-button elementor-button-link elementor-size-sm\" href=\"https:\/\/spvs.org.br\/en\/contact\/\">\n\t\t\t\t\t\t<span class=\"elementor-button-content-wrapper\">\n\t\t\t\t\t\t\t\t\t<span class=\"elementor-button-text\">JOIN NOW<\/span>\n\t\t\t\t\t<\/span>\n\t\t\t\t\t<\/a>\n\t\t\t\t<\/div>\n\t\t\t\t\t\t\t\t<\/div>\n\t\t\t\t<\/div>\n\t\t\t\t<\/div>\n\t\t<div class=\"elementor-element elementor-element-5e80680 e-con-full e-flex elementor-invisible e-con e-child\" data-id=\"5e80680\" data-element_type=\"container\" data-e-type=\"container\" data-settings=\"{&quot;animation&quot;:&quot;fadeInLeft&quot;,&quot;background_background&quot;:&quot;classic&quot;,&quot;_ha_eqh_enable&quot;:false}\">\n\t\t\t\t<div class=\"elementor-element elementor-element-8c9ec04 elementor-widget elementor-widget-text-editor\" data-id=\"8c9ec04\" data-element_type=\"widget\" data-e-type=\"widget\" data-widget_type=\"text-editor.default\">\n\t\t\t\t<div class=\"elementor-widget-container\">\n\t\t\t\t\t\t\t\t\t<p>Photo: SPVS Archive \u00a9<\/p>\t\t\t\t\t\t\t\t<\/div>\n\t\t\t\t<\/div>\n\t\t\t\t<\/div>\n\t\t\t\t\t<\/div>\n\t\t\t\t<\/div>\n\t\t<div class=\"elementor-element elementor-element-ecc6e61 e-flex e-con-boxed e-con e-parent\" data-id=\"ecc6e61\" data-element_type=\"container\" data-e-type=\"container\" data-settings=\"{&quot;background_background&quot;:&quot;classic&quot;,&quot;_ha_eqh_enable&quot;:false}\">\n\t\t\t\t\t<div class=\"e-con-inner\">\n\t\t<div class=\"elementor-element elementor-element-befc565 e-con-full e-flex elementor-invisible e-con e-child\" data-id=\"befc565\" data-element_type=\"container\" data-e-type=\"container\" data-settings=\"{&quot;animation&quot;:&quot;fadeInRight&quot;,&quot;_ha_eqh_enable&quot;:false}\">\n\t\t\t\t<div class=\"elementor-element elementor-element-3878575 elementor-widget__width-initial elementor-widget elementor-widget-heading\" data-id=\"3878575\" data-element_type=\"widget\" data-e-type=\"widget\" data-widget_type=\"heading.default\">\n\t\t\t\t<div class=\"elementor-widget-container\">\n\t\t\t\t\t<h2 class=\"elementor-heading-title elementor-size-default\">Who is it for?<\/h2>\t\t\t\t<\/div>\n\t\t\t\t<\/div>\n\t\t\t\t<div class=\"elementor-element elementor-element-c5eaf48 elementor-widget elementor-widget-text-editor\" data-id=\"c5eaf48\" data-element_type=\"widget\" data-e-type=\"widget\" data-widget_type=\"text-editor.default\">\n\t\t\t\t<div class=\"elementor-widget-container\">\n\t\t\t\t\t\t\t\t\t<p>To all people and organizations, public, private, third sector, or research, who see education as a tool capable of expanding future perspectives. The Program&#8217;s actions are also directed at public and private schools, children and teenagers, residents around natural areas and Conservation Units, public and private institutions that recognize the value of natural capital, as well as teachers, educators, and companies from various economic sectors.<\/p>\t\t\t\t\t\t\t\t<\/div>\n\t\t\t\t<\/div>\n\t\t\t\t<\/div>\n\t\t<div class=\"elementor-element elementor-element-c0e7847 e-con-full e-flex elementor-invisible e-con e-child\" data-id=\"c0e7847\" data-element_type=\"container\" data-e-type=\"container\" data-settings=\"{&quot;animation&quot;:&quot;fadeInLeft&quot;,&quot;background_background&quot;:&quot;classic&quot;,&quot;_ha_eqh_enable&quot;:false}\">\n\t\t\t\t<div class=\"elementor-element elementor-element-6041f19 elementor-widget elementor-widget-text-editor\" data-id=\"6041f19\" data-element_type=\"widget\" data-e-type=\"widget\" data-widget_type=\"text-editor.default\">\n\t\t\t\t<div class=\"elementor-widget-container\">\n\t\t\t\t\t\t\t\t\t<p>Photo: SPVS Archive \u00a9<\/p>\t\t\t\t\t\t\t\t<\/div>\n\t\t\t\t<\/div>\n\t\t\t\t<\/div>\n\t\t\t\t\t<\/div>\n\t\t\t\t<\/div>\n\t\t<div class=\"elementor-element elementor-element-9fcf833 e-flex e-con-boxed e-con e-parent\" data-id=\"9fcf833\" data-element_type=\"container\" data-e-type=\"container\" data-settings=\"{&quot;_ha_eqh_enable&quot;:false}\">\n\t\t\t\t\t<div class=\"e-con-inner\">\n\t\t<div class=\"elementor-element elementor-element-66dc5c3 e-con-full e-flex elementor-invisible e-con e-child\" data-id=\"66dc5c3\" data-element_type=\"container\" data-e-type=\"container\" data-settings=\"{&quot;animation&quot;:&quot;fadeInLeft&quot;,&quot;background_background&quot;:&quot;classic&quot;,&quot;_ha_eqh_enable&quot;:false}\">\n\t\t\t\t<div class=\"elementor-element elementor-element-ebed109 elementor-widget elementor-widget-text-editor\" data-id=\"ebed109\" data-element_type=\"widget\" data-e-type=\"widget\" data-widget_type=\"text-editor.default\">\n\t\t\t\t<div class=\"elementor-widget-container\">\n\t\t\t\t\t\t\t\t\t<p>Photo: SPVS Archive \u00a9<\/p>\t\t\t\t\t\t\t\t<\/div>\n\t\t\t\t<\/div>\n\t\t\t\t<\/div>\n\t\t<div class=\"elementor-element elementor-element-498823b e-flex e-con-boxed elementor-invisible e-con e-child\" data-id=\"498823b\" data-element_type=\"container\" data-e-type=\"container\" data-settings=\"{&quot;animation&quot;:&quot;fadeInRight&quot;,&quot;_ha_eqh_enable&quot;:false}\">\n\t\t\t\t\t<div class=\"e-con-inner\">\n\t\t\t\t<div class=\"elementor-element elementor-element-aad5f8f elementor-widget__width-initial elementor-widget elementor-widget-heading\" data-id=\"aad5f8f\" data-element_type=\"widget\" data-e-type=\"widget\" data-widget_type=\"heading.default\">\n\t\t\t\t<div class=\"elementor-widget-container\">\n\t\t\t\t\t<h2 class=\"elementor-heading-title elementor-size-default\">Initiative Results<\/h2>\t\t\t\t<\/div>\n\t\t\t\t<\/div>\n\t\t\t\t<div class=\"elementor-element elementor-element-d14cce6 elementor-widget elementor-widget-text-editor\" data-id=\"d14cce6\" data-element_type=\"widget\" data-e-type=\"widget\" data-widget_type=\"text-editor.default\">\n\t\t\t\t<div class=\"elementor-widget-container\">\n\t\t\t\t\t\t\t\t\t<p><strong>The Nature Conservation Education Program has already trained over 3,500 teachers from the Paran\u00e1 public school network,<\/strong> indirectly reaching more than 140,000 students in Curitiba, Campo Largo, Piraquara, S\u00e3o Jos\u00e9 dos Pinhais, and Guaraque\u00e7aba.<\/p><p>Teachers and education secretaries from the municipalities reported a transformation in class dynamics and greater interdisciplinarity with the environment in the classes, even years after the Program&#8217;s actions ended. Students also show more motivation and awareness about native biodiversity, participating more actively in school campaigns.<\/p><p><strong>The Nature Conservation Education Program<\/strong> was also responsible for developing the <strong>pedagogical methodology for planning and executing the Guaricica Experience<\/strong>, a public use initiative that offers reception and guidance on the interpretive trail. Visitors will hear the story of nature recovery and how the <strong>Guaricica Natural Reserve<\/strong> improved the lives of residents in Antonina and Guaraque\u00e7aba, municipalities on the Paran\u00e1 coast, during SPVS&#8217;s more than 20 years of activity in the region.<\/p><p><a href=\"https:\/\/spvs.org.br\/en\/visite-as-reservas\/\">Learn more details about the Guaricica Experience here<\/a><\/p>\t\t\t\t\t\t\t\t<\/div>\n\t\t\t\t<\/div>\n\t\t\t\t\t<\/div>\n\t\t\t\t<\/div>\n\t\t\t\t\t<\/div>\n\t\t\t\t<\/div>\n\t\t<div class=\"elementor-element elementor-element-4e7dc70 e-flex e-con-boxed e-con e-parent\" data-id=\"4e7dc70\" data-element_type=\"container\" data-e-type=\"container\" data-settings=\"{&quot;_ha_eqh_enable&quot;:false}\">\n\t\t\t\t\t<div class=\"e-con-inner\">\n\t\t<div class=\"elementor-element elementor-element-b8e4ffa e-con-full e-flex elementor-invisible e-con e-child\" data-id=\"b8e4ffa\" data-element_type=\"container\" data-e-type=\"container\" data-settings=\"{&quot;animation&quot;:&quot;fadeInLeft&quot;,&quot;_ha_eqh_enable&quot;:false}\">\n\t\t<div class=\"elementor-element elementor-element-810778e e-con-full e-flex elementor-invisible e-con e-child\" data-id=\"810778e\" data-element_type=\"container\" data-e-type=\"container\" data-settings=\"{&quot;animation&quot;:&quot;fadeInRight&quot;,&quot;background_background&quot;:&quot;classic&quot;,&quot;_ha_eqh_enable&quot;:false}\">\n\t\t\t\t<div class=\"elementor-element elementor-element-2535a83 elementor-widget__width-initial elementor-widget elementor-widget-heading\" data-id=\"2535a83\" data-element_type=\"widget\" data-e-type=\"widget\" data-widget_type=\"heading.default\">\n\t\t\t\t<div class=\"elementor-widget-container\">\n\t\t\t\t\t<h2 class=\"elementor-heading-title elementor-size-default\">Access<br> also<\/h2>\t\t\t\t<\/div>\n\t\t\t\t<\/div>\n\t\t\t\t<\/div>\n\t\t\t\t<\/div>\n\t\t<div class=\"elementor-element elementor-element-d5034ee e-con-full e-flex e-con e-child\" data-id=\"d5034ee\" data-element_type=\"container\" data-e-type=\"container\" data-settings=\"{&quot;_ha_eqh_enable&quot;:false}\">\n\t\t\t\t<div class=\"elementor-element elementor-element-1a3a75d elementor-widget__width-initial elementor-invisible elementor-widget elementor-widget-heading\" data-id=\"1a3a75d\" data-element_type=\"widget\" data-e-type=\"widget\" data-settings=\"{&quot;_animation&quot;:&quot;fadeInRight&quot;}\" data-widget_type=\"heading.default\">\n\t\t\t\t<div class=\"elementor-widget-container\">\n\t\t\t\t\t<h2 class=\"elementor-heading-title elementor-size-default\">Sites and Links<\/h2>\t\t\t\t<\/div>\n\t\t\t\t<\/div>\n\t\t<div class=\"elementor-element elementor-element-cd961e0 e-con-full e-flex e-con e-child\" data-id=\"cd961e0\" data-element_type=\"container\" data-e-type=\"container\" data-settings=\"{&quot;_ha_eqh_enable&quot;:false}\">\n\t\t<div class=\"elementor-element elementor-element-6ddfa77 e-con-full e-flex elementor-invisible e-con e-child\" data-id=\"6ddfa77\" data-element_type=\"container\" data-e-type=\"container\" data-settings=\"{&quot;animation&quot;:&quot;fadeInRight&quot;,&quot;_ha_eqh_enable&quot;:false}\">\n\t\t\t\t<div class=\"elementor-element elementor-element-43aaabc elementor-icon-list--layout-traditional elementor-list-item-link-full_width elementor-widget elementor-widget-icon-list\" data-id=\"43aaabc\" data-element_type=\"widget\" data-e-type=\"widget\" data-widget_type=\"icon-list.default\">\n\t\t\t\t<div class=\"elementor-widget-container\">\n\t\t\t\t\t\t\t<ul class=\"elementor-icon-list-items\">\n\t\t\t\t\t\t\t<li class=\"elementor-icon-list-item\">\n\t\t\t\t\t\t\t\t\t\t\t<a href=\"https:\/\/spvs.org.br\/wp-content\/uploads\/2025\/08\/spvs-sociedade-de-pesquisa-em-vida-selvagem-e-educacao-ambiental-Educacao-para-Conservacao-Bio-Boletinzinho-ed-1.pdf\" target=\"_blank\">\n\n\t\t\t\t\t\t\t\t\t\t\t\t<span class=\"elementor-icon-list-icon\">\n\t\t\t\t\t\t\t<i aria-hidden=\"true\" class=\"huge huge-pdf-01\"><\/i>\t\t\t\t\t\t<\/span>\n\t\t\t\t\t\t\t\t\t\t<span class=\"elementor-icon-list-text\">Bio Bulletin No. 1<\/span>\n\t\t\t\t\t\t\t\t\t\t\t<\/a>\n\t\t\t\t\t\t\t\t\t<\/li>\n\t\t\t\t\t\t\t\t<li class=\"elementor-icon-list-item\">\n\t\t\t\t\t\t\t\t\t\t\t<a href=\"https:\/\/spvs.org.br\/wp-content\/uploads\/2025\/08\/spvs-sociedade-de-pesquisa-em-vida-selvagem-e-educacao-ambiental-Educacao-para-Conservacao-Bio-Boletinzinho-ed-2.pdf\" target=\"_blank\">\n\n\t\t\t\t\t\t\t\t\t\t\t\t<span class=\"elementor-icon-list-icon\">\n\t\t\t\t\t\t\t<i aria-hidden=\"true\" class=\"huge huge-pdf-01\"><\/i>\t\t\t\t\t\t<\/span>\n\t\t\t\t\t\t\t\t\t\t<span class=\"elementor-icon-list-text\">Bio Bulletin No. 2<\/span>\n\t\t\t\t\t\t\t\t\t\t\t<\/a>\n\t\t\t\t\t\t\t\t\t<\/li>\n\t\t\t\t\t\t\t\t<li class=\"elementor-icon-list-item\">\n\t\t\t\t\t\t\t\t\t\t\t<a href=\"https:\/\/spvs.org.br\/wp-content\/uploads\/2025\/08\/spvs-sociedade-de-pesquisa-em-vida-selvagem-e-educacao-ambiental-Educacao-para-Conservacao-Bio-Boletinzinho-ed-3.pdf\" target=\"_blank\">\n\n\t\t\t\t\t\t\t\t\t\t\t\t<span class=\"elementor-icon-list-icon\">\n\t\t\t\t\t\t\t<i aria-hidden=\"true\" class=\"huge huge-pdf-01\"><\/i>\t\t\t\t\t\t<\/span>\n\t\t\t\t\t\t\t\t\t\t<span class=\"elementor-icon-list-text\">Bio Bulletin No. 3<\/span>\n\t\t\t\t\t\t\t\t\t\t\t<\/a>\n\t\t\t\t\t\t\t\t\t<\/li>\n\t\t\t\t\t\t\t\t<li class=\"elementor-icon-list-item\">\n\t\t\t\t\t\t\t\t\t\t\t<a href=\"https:\/\/spvs.org.br\/wp-content\/uploads\/2025\/08\/spvs-sociedade-de-pesquisa-em-vida-selvagem-e-educacao-ambiental-Educacao-para-Conservacao-a-turma-do-pinho-em-isso-e-progresso.pdf\" target=\"_blank\">\n\n\t\t\t\t\t\t\t\t\t\t\t\t<span class=\"elementor-icon-list-icon\">\n\t\t\t\t\t\t\t<i aria-hidden=\"true\" class=\"huge huge-pdf-01\"><\/i>\t\t\t\t\t\t<\/span>\n\t\t\t\t\t\t\t\t\t\t<span class=\"elementor-icon-list-text\">Pinho's Gang in: Is This Progress?<\/span>\n\t\t\t\t\t\t\t\t\t\t\t<\/a>\n\t\t\t\t\t\t\t\t\t<\/li>\n\t\t\t\t\t\t\t\t<li class=\"elementor-icon-list-item\">\n\t\t\t\t\t\t\t\t\t\t\t<a href=\"https:\/\/spvs.org.br\/wp-content\/uploads\/2025\/08\/spvs-sociedade-de-pesquisa-em-vida-selvagem-e-educacao-ambiental-Educacao-para-Conservacao-gibi-da-turma-do-pinho.pdf\" target=\"_blank\">\n\n\t\t\t\t\t\t\t\t\t\t\t\t<span class=\"elementor-icon-list-icon\">\n\t\t\t\t\t\t\t<i aria-hidden=\"true\" class=\"huge huge-pdf-01\"><\/i>\t\t\t\t\t\t<\/span>\n\t\t\t\t\t\t\t\t\t\t<span class=\"elementor-icon-list-text\">Pinho's Gang Comic Book<\/span>\n\t\t\t\t\t\t\t\t\t\t\t<\/a>\n\t\t\t\t\t\t\t\t\t<\/li>\n\t\t\t\t\t\t<\/ul>\n\t\t\t\t\t\t<\/div>\n\t\t\t\t<\/div>\n\t\t\t\t<\/div>\n\t\t<div class=\"elementor-element elementor-element-92e34d7 e-con-full e-flex elementor-invisible e-con e-child\" data-id=\"92e34d7\" data-element_type=\"container\" data-e-type=\"container\" data-settings=\"{&quot;animation&quot;:&quot;fadeInRight&quot;,&quot;_ha_eqh_enable&quot;:false}\">\n\t\t\t\t<div class=\"elementor-element elementor-element-f364a43 elementor-icon-list--layout-traditional elementor-list-item-link-full_width elementor-widget elementor-widget-icon-list\" data-id=\"f364a43\" data-element_type=\"widget\" data-e-type=\"widget\" data-widget_type=\"icon-list.default\">\n\t\t\t\t<div class=\"elementor-widget-container\">\n\t\t\t\t\t\t\t<ul class=\"elementor-icon-list-items\">\n\t\t\t\t\t\t\t<li class=\"elementor-icon-list-item\">\n\t\t\t\t\t\t\t\t\t\t\t<a href=\"https:\/\/spvs.org.br\/wp-content\/uploads\/2025\/08\/spvs-sociedade-de-pesquisa-em-vida-selvagem-e-educacao-ambiental-Educacao-para-Conservacao-colecao-nosso-litoral-floresta-atlantica.pdf\" target=\"_blank\">\n\n\t\t\t\t\t\t\t\t\t\t\t\t<span class=\"elementor-icon-list-icon\">\n\t\t\t\t\t\t\t<i aria-hidden=\"true\" class=\"huge huge-pdf-01\"><\/i>\t\t\t\t\t\t<\/span>\n\t\t\t\t\t\t\t\t\t\t<span class=\"elementor-icon-list-text\">Our Coast Collection: Atlantic Forest<\/span>\n\t\t\t\t\t\t\t\t\t\t\t<\/a>\n\t\t\t\t\t\t\t\t\t<\/li>\n\t\t\t\t\t\t\t\t<li class=\"elementor-icon-list-item\">\n\t\t\t\t\t\t\t\t\t\t\t<a href=\"https:\/\/spvs.org.br\/wp-content\/uploads\/2025\/08\/spvs-sociedade-de-pesquisa-em-vida-selvagem-e-educacao-ambiental-Educacao-para-Conservacao-colecao-nosso-litoral-mangue.pdf\" target=\"_blank\">\n\n\t\t\t\t\t\t\t\t\t\t\t\t<span class=\"elementor-icon-list-icon\">\n\t\t\t\t\t\t\t<i aria-hidden=\"true\" class=\"huge huge-pdf-01\"><\/i>\t\t\t\t\t\t<\/span>\n\t\t\t\t\t\t\t\t\t\t<span class=\"elementor-icon-list-text\">Our Coast Collection: Mangrove<\/span>\n\t\t\t\t\t\t\t\t\t\t\t<\/a>\n\t\t\t\t\t\t\t\t\t<\/li>\n\t\t\t\t\t\t\t\t<li class=\"elementor-icon-list-item\">\n\t\t\t\t\t\t\t\t\t\t\t<a href=\"https:\/\/spvs.org.br\/wp-content\/uploads\/2025\/08\/spvs-sociedade-de-pesquisa-em-vida-selvagem-e-educacao-ambiental-Educacao-para-Conservacao-colecao-nosso-litoral-papagaio-de-cara-roxa.pdf\" target=\"_blank\">\n\n\t\t\t\t\t\t\t\t\t\t\t\t<span class=\"elementor-icon-list-icon\">\n\t\t\t\t\t\t\t<i aria-hidden=\"true\" class=\"huge huge-pdf-01\"><\/i>\t\t\t\t\t\t<\/span>\n\t\t\t\t\t\t\t\t\t\t<span class=\"elementor-icon-list-text\">Our Coast Collection: Red-tailed Parrot<\/span>\n\t\t\t\t\t\t\t\t\t\t\t<\/a>\n\t\t\t\t\t\t\t\t\t<\/li>\n\t\t\t\t\t\t\t\t<li class=\"elementor-icon-list-item\">\n\t\t\t\t\t\t\t\t\t\t\t<a href=\"https:\/\/www.youtube.com\/watch?v=q6FoYCwOM9U\" target=\"_blank\">\n\n\t\t\t\t\t\t\t\t\t\t\t\t<span class=\"elementor-icon-list-icon\">\n\t\t\t\t\t\t\t<svg aria-hidden=\"true\" class=\"e-font-icon-svg e-far-play-circle\" viewbox=\"0 0 512 512\" xmlns=\"http:\/\/www.w3.org\/2000\/svg\"><path d=\"M371.7 238l-176-107c-15.8-8.8-35.7 2.5-35.7 21v208c0 18.4 19.8 29.8 35.7 21l176-101c16.4-9.1 16.4-32.8 0-42zM504 256C504 119 393 8 256 8S8 119 8 256s111 248 248 248 248-111 248-248zm-448 0c0-110.5 89.5-200 200-200s200 89.5 200 200-89.5 200-200 200S56 366.5 56 256z\"><\/path><\/svg>\t\t\t\t\t\t<\/span>\n\t\t\t\t\t\t\t\t\t\t<span class=\"elementor-icon-list-text\">Video about the Nature Conservation Education Program<\/span>\n\t\t\t\t\t\t\t\t\t\t\t<\/a>\n\t\t\t\t\t\t\t\t\t<\/li>\n\t\t\t\t\t\t<\/ul>\n\t\t\t\t\t\t<\/div>\n\t\t\t\t<\/div>\n\t\t\t\t<\/div>\n\t\t\t\t<\/div>\n\t\t\t\t<\/div>\n\t\t\t\t\t<\/div>\n\t\t\t\t<\/div>\n\t\t\t\t<\/div>","protected":false},"excerpt":{"rendered":"<p>Photo: SPVS Archive \u00a9 Conservation Education Program The Nature Conservation Education Program, developed by SPVS, aims to reconnect society with nature, promoting changes in behavior, concepts, and values related to biodiversity protection. The Program carries out a wide range of activities, notably the production and distribution of educational and informational materials, the development of theoretical [&hellip;]<\/p>\n","protected":false},"author":2,"featured_media":0,"parent":0,"menu_order":0,"comment_status":"closed","ping_status":"closed","template":"","meta":{"footnotes":""},"class_list":["post-7067","page","type-page","status-publish","hentry"],"_links":{"self":[{"href":"https:\/\/spvs.org.br\/en\/wp-json\/wp\/v2\/pages\/7067","targetHints":{"allow":["GET"]}}],"collection":[{"href":"https:\/\/spvs.org.br\/en\/wp-json\/wp\/v2\/pages"}],"about":[{"href":"https:\/\/spvs.org.br\/en\/wp-json\/wp\/v2\/types\/page"}],"author":[{"embeddable":true,"href":"https:\/\/spvs.org.br\/en\/wp-json\/wp\/v2\/users\/2"}],"replies":[{"embeddable":true,"href":"https:\/\/spvs.org.br\/en\/wp-json\/wp\/v2\/comments?post=7067"}],"version-history":[{"count":0,"href":"https:\/\/spvs.org.br\/en\/wp-json\/wp\/v2\/pages\/7067\/revisions"}],"wp:attachment":[{"href":"https:\/\/spvs.org.br\/en\/wp-json\/wp\/v2\/media?parent=7067"}],"curies":[{"name":"wp","href":"https:\/\/api.w.org\/{rel}","templated":true}]}}